{"id":9,"date":"2026-03-07T11:59:54","date_gmt":"2026-03-07T10:59:54","guid":{"rendered":"https:\/\/revuepeva.com\/?page_id=9"},"modified":"2026-03-07T16:12:12","modified_gmt":"2026-03-07T15:12:12","slug":"accueil","status":"publish","type":"page","link":"https:\/\/revuepeva.com\/","title":{"rendered":"Accueil"},"content":{"rendered":"\t\t<div data-elementor-type=\"wp-page\" data-elementor-id=\"9\" class=\"elementor elementor-9\" data-elementor-settings=\"[]\">\n\t\t\t\t\t\t\t<div class=\"elementor-section-wrap\">\n\t\t\t\t\t\t\t<section class=\"elementor-section elementor-top-section elementor-element elementor-element-49d188d elementor-section-full_width presentation elementor-section-stretched elementor-section-height-default elementor-section-height-default\" data-id=\"49d188d\" data-element_type=\"section\" id=\"presentation\" data-settings=\"{&quot;stretch_section&quot;:&quot;section-stretched&quot;,&quot;background_background&quot;:&quot;slideshow&quot;,&quot;background_slideshow_gallery&quot;:[{&quot;id&quot;:67,&quot;url&quot;:&quot;https:\\\/\\\/revuepeva.com\\\/wp-content\\\/uploads\\\/2026\\\/03\\\/featured-bg2.jpg&quot;}],&quot;background_slideshow_loop&quot;:&quot;yes&quot;,&quot;background_slideshow_slide_duration&quot;:5000,&quot;background_slideshow_slide_transition&quot;:&quot;fade&quot;,&quot;background_slideshow_transition_duration&quot;:500}\">\n\t\t\t\t\t\t<div class=\"elementor-container elementor-column-gap-default\">\n\t\t\t\t\t<div class=\"elementor-column elementor-col-100 elementor-top-column elementor-element elementor-element-1f9c019\" data-id=\"1f9c019\" data-element_type=\"column\">\n\t\t\t<div class=\"elementor-widget-wrap elementor-element-populated\">\n\t\t\t\t\t\t\t\t<section class=\"elementor-section elementor-inner-section elementor-element elementor-element-939d2e0 elementor-section-boxed elementor-section-height-default elementor-section-height-default\" data-id=\"939d2e0\" data-element_type=\"section\">\n\t\t\t\t\t\t<div class=\"elementor-container elementor-column-gap-default\">\n\t\t\t\t\t<div class=\"elementor-column elementor-col-50 elementor-inner-column elementor-element elementor-element-71c1e42\" data-id=\"71c1e42\" data-element_type=\"column\">\n\t\t\t<div class=\"elementor-widget-wrap elementor-element-populated\">\n\t\t\t\t\t\t\t\t<div class=\"elementor-element elementor-element-3e2387b popmake-64 elementor-widget elementor-widget-image\" data-id=\"3e2387b\" data-element_type=\"widget\" data-widget_type=\"image.default\">\n\t\t\t\t<div class=\"elementor-widget-container\">\n\t\t\t<style>\/*! elementor - v3.5.3 - 28-12-2021 *\/\n.elementor-widget-image{text-align:center}.elementor-widget-image a{display:inline-block}.elementor-widget-image a img[src$=\".svg\"]{width:48px}.elementor-widget-image img{vertical-align:middle;display:inline-block}<\/style>\t\t\t\t\t\t\t\t\t\t\t\t\t<a href=\"#\">\n\t\t\t\t\t\t\t<img loading=\"lazy\" decoding=\"async\" width=\"560\" height=\"448\" src=\"https:\/\/revuepeva.com\/wp-content\/uploads\/2026\/03\/peva.jpg\" class=\"attachment-2048x2048 size-2048x2048\" alt=\"\" srcset=\"https:\/\/revuepeva.com\/wp-content\/uploads\/2026\/03\/peva.jpg 560w, https:\/\/revuepeva.com\/wp-content\/uploads\/2026\/03\/peva-300x240.jpg 300w\" sizes=\"auto, (max-width: 560px) 100vw, 560px\" \/>\t\t\t\t\t\t\t\t<\/a>\n\t\t\t\t\t\t\t\t\t\t\t\t\t\t\t<\/div>\n\t\t\t\t<\/div>\n\t\t\t\t\t<\/div>\n\t\t<\/div>\n\t\t\t\t<div class=\"elementor-column elementor-col-50 elementor-inner-column elementor-element elementor-element-2c81ab3\" data-id=\"2c81ab3\" data-element_type=\"column\">\n\t\t\t<div class=\"elementor-widget-wrap elementor-element-populated\">\n\t\t\t\t\t\t\t\t<div class=\"elementor-element elementor-element-08a65cd elementor-widget elementor-widget-heading\" data-id=\"08a65cd\" data-element_type=\"widget\" data-widget_type=\"heading.default\">\n\t\t\t\t<div class=\"elementor-widget-container\">\n\t\t\t<style>\/*! elementor - v3.5.3 - 28-12-2021 *\/\n.elementor-heading-title{padding:0;margin:0;line-height:1}.elementor-widget-heading .elementor-heading-title[class*=elementor-size-]>a{color:inherit;font-size:inherit;line-height:inherit}.elementor-widget-heading .elementor-heading-title.elementor-size-small{font-size:15px}.elementor-widget-heading .elementor-heading-title.elementor-size-medium{font-size:19px}.elementor-widget-heading .elementor-heading-title.elementor-size-large{font-size:29px}.elementor-widget-heading .elementor-heading-title.elementor-size-xl{font-size:39px}.elementor-widget-heading .elementor-heading-title.elementor-size-xxl{font-size:59px}<\/style><h3 class=\"elementor-heading-title elementor-size-medium\">PERSPECTIVES \u00c9VANG\u00c9LIQUES AFRICAINES<\/h3>\t\t<\/div>\n\t\t\t\t<\/div>\n\t\t\t\t<div class=\"elementor-element elementor-element-ef01af5 elementor-widget elementor-widget-text-editor\" data-id=\"ef01af5\" data-element_type=\"widget\" data-widget_type=\"text-editor.default\">\n\t\t\t\t<div class=\"elementor-widget-container\">\n\t\t\t<style>\/*! elementor - v3.5.3 - 28-12-2021 *\/\n.elementor-widget-text-editor.elementor-drop-cap-view-stacked .elementor-drop-cap{background-color:#818a91;color:#fff}.elementor-widget-text-editor.elementor-drop-cap-view-framed .elementor-drop-cap{color:#818a91;border:3px solid;background-color:transparent}.elementor-widget-text-editor:not(.elementor-drop-cap-view-default) .elementor-drop-cap{margin-top:8px}.elementor-widget-text-editor:not(.elementor-drop-cap-view-default) .elementor-drop-cap-letter{width:1em;height:1em}.elementor-widget-text-editor .elementor-drop-cap{float:left;text-align:center;line-height:1;font-size:50px}.elementor-widget-text-editor .elementor-drop-cap-letter{display:inline-block}<\/style>\t\t\t\t<p>Perspectives \u00c9vang\u00e9liques Africaines (PEVA) est une revue scientifique bilingue d\u00e9di\u00e9e \u00e0 la recherche th\u00e9ologique et interdisciplinaire en contexte africain. Elle explore le dialogue entre foi, science et soci\u00e9t\u00e9, publie deux fois par an des travaux acad\u00e9miques rigoureux et promeut une pens\u00e9e \u00e9vang\u00e9lique contextualis\u00e9e. Son orientation interdisciplinaire et transdisciplinaire permet de croiser les approches, d\u2019ouvrir de nouvelles pistes de recherche et de nourrir la r\u00e9flexion dans toute sa vitalit\u00e9. Son objectif \u00e9ditorial est de publier des travaux de recherche, des analyses critiques et des \u00e9tudes scientifiques s\u2019inscrivant dans une perspective \u00e9vang\u00e9lique. PEVA est enregistr\u00e9e Centre international de l&rsquo;ISSN, Paris-France.<\/p>\t\t\t\t\t\t<\/div>\n\t\t\t\t<\/div>\n\t\t\t\t\t<\/div>\n\t\t<\/div>\n\t\t\t\t\t\t\t<\/div>\n\t\t<\/section>\n\t\t\t\t\t<\/div>\n\t\t<\/div>\n\t\t\t\t\t\t\t<\/div>\n\t\t<\/section>\n\t\t\t\t\t\t<\/div>\n\t\t\t\t\t<\/div>\n\t\t","protected":false},"excerpt":{"rendered":"<p>PERSPECTIVES \u00c9VANG\u00c9LIQUES AFRICAINES Perspectives \u00c9vang\u00e9liques Africaines (PEVA) est une revue scientifique bilingue d\u00e9di\u00e9e \u00e0 la&hellip;<\/p>\n","protected":false},"author":1,"featured_media":0,"parent":0,"menu_order":0,"comment_status":"closed","ping_status":"closed","template":"","meta":{"footnotes":""},"class_list":["post-9","page","type-page","status-publish","hentry"],"_links":{"self":[{"href":"https:\/\/revuepeva.com\/index.php?rest_route=\/wp\/v2\/pages\/9","targetHints":{"allow":["GET"]}}],"collection":[{"href":"https:\/\/revuepeva.com\/index.php?rest_route=\/wp\/v2\/pages"}],"about":[{"href":"https:\/\/revuepeva.com\/index.php?rest_route=\/wp\/v2\/types\/page"}],"author":[{"embeddable":true,"href":"https:\/\/revuepeva.com\/index.php?rest_route=\/wp\/v2\/users\/1"}],"replies":[{"embeddable":true,"href":"https:\/\/revuepeva.com\/index.php?rest_route=%2Fwp%2Fv2%2Fcomments&post=9"}],"version-history":[{"count":21,"href":"https:\/\/revuepeva.com\/index.php?rest_route=\/wp\/v2\/pages\/9\/revisions"}],"predecessor-version":[{"id":90,"href":"https:\/\/revuepeva.com\/index.php?rest_route=\/wp\/v2\/pages\/9\/revisions\/90"}],"wp:attachment":[{"href":"https:\/\/revuepeva.com\/index.php?rest_route=%2Fwp%2Fv2%2Fmedia&parent=9"}],"curies":[{"name":"wp","href":"https:\/\/api.w.org\/{rel}","templated":true}]}}